{"id":75799,"date":"2021-05-12T14:46:58","date_gmt":"2021-05-12T17:46:58","guid":{"rendered":"https:\/\/arteleste.com.br\/?page_id=75799"},"modified":"2025-02-05T11:49:53","modified_gmt":"2025-02-05T14:49:53","slug":"ouvidoria","status":"publish","type":"page","link":"http:\/\/arteleste.com.br\/?page_id=75799","title":{"rendered":"Ouvidoria"},"content":{"rendered":"<p>[vc_row][vc_column][vc_custom_heading text=&#8221;Fa\u00e7a sua Den\u00fancia&#8221; font_container=&#8221;tag:h2|font_size:20|text_align:left&#8221; el_class=&#8221;heading-title-3&#8243;]\n<div class=\"wpcf7 no-js\" id=\"wpcf7-f75803-o1\" lang=\"pt-BR\" dir=\"ltr\" data-wpcf7-id=\"75803\">\n<div class=\"screen-reader-response\"><p role=\"status\" aria-live=\"polite\" aria-atomic=\"true\"><\/p> <ul><\/ul><\/div>\n<form action=\"\/index.php?rest_route=%2Fwp%2Fv2%2Fpages%2F75799#wpcf7-f75803-o1\" method=\"post\" class=\"wpcf7-form init\" aria-label=\"Formul\u00e1rios de contato\" enctype=\"multipart\/form-data\" novalidate=\"novalidate\" data-status=\"init\">\n<div style=\"display: none;\">\n<input type=\"hidden\" name=\"_wpcf7\" value=\"75803\" \/>\n<input type=\"hidden\" name=\"_wpcf7_version\" value=\"6.0.6\" \/>\n<input type=\"hidden\" name=\"_wpcf7_locale\" value=\"pt_BR\" \/>\n<input type=\"hidden\" name=\"_wpcf7_unit_tag\" value=\"wpcf7-f75803-o1\" \/>\n<input type=\"hidden\" name=\"_wpcf7_container_post\" value=\"0\" \/>\n<input type=\"hidden\" name=\"_wpcf7_posted_data_hash\" value=\"\" \/>\n<input type=\"hidden\" name=\"_wpcf7_recaptcha_response\" value=\"\" \/>\n<\/div>\n<lable> Seu Nome (opcional)\n\t<p><span class=\"wpcf7-form-control-wrap\" data-name=\"seu-nome\"><input size=\"40\" maxlength=\"400\" class=\"wpcf7-form-control wpcf7-text\" aria-invalid=\"false\" value=\"\" type=\"text\" name=\"seu-nome\" \/><\/span>\n\t<\/p>\n<\/lable>\n<lable> Seu E-mail (opcional)\n\t<p><span class=\"wpcf7-form-control-wrap\" data-name=\"seu-email\"><input size=\"40\" maxlength=\"400\" class=\"wpcf7-form-control wpcf7-text\" aria-invalid=\"false\" value=\"\" type=\"text\" name=\"seu-email\" \/><\/span>\n\t<\/p>\n<\/lable>\n<lable> Local Ocorrido\n\t<p><span class=\"wpcf7-form-control-wrap\" data-name=\"local\"><input size=\"40\" maxlength=\"400\" class=\"wpcf7-form-control wpcf7-text wpcf7-validates-as-required\" aria-required=\"true\" aria-invalid=\"false\" value=\"\" type=\"text\" name=\"local\" \/><\/span>\n\t<\/p>\n<\/lable>\n<lable> Descreva a den\u00fancia:\n\t<p><span class=\"wpcf7-form-control-wrap\" data-name=\"descricao\"><textarea cols=\"40\" rows=\"10\" maxlength=\"2000\" class=\"wpcf7-form-control wpcf7-textarea wpcf7-validates-as-required\" aria-required=\"true\" aria-invalid=\"false\" name=\"descricao\"><\/textarea><\/span>\n\t<\/p>\n<\/lable>\n<lable> A quanto tempo est\u00e1 ocorrendo?\n\t<p><span class=\"wpcf7-form-control-wrap\" data-name=\"tempo\"><input size=\"40\" maxlength=\"400\" class=\"wpcf7-form-control wpcf7-text wpcf7-validates-as-required\" aria-required=\"true\" aria-invalid=\"false\" value=\"\" type=\"text\" name=\"tempo\" \/><\/span>\n\t<\/p>\n<\/lable>\n<lable> Nome completo da(s) pessoa(s) den\u00fanciada(s):\n\t<p><span class=\"wpcf7-form-control-wrap\" data-name=\"denunciados\"><textarea cols=\"40\" rows=\"10\" maxlength=\"2000\" class=\"wpcf7-form-control wpcf7-textarea wpcf7-validates-as-required\" aria-required=\"true\" aria-invalid=\"false\" name=\"denunciados\"><\/textarea><\/span>\n\t<\/p>\n<\/lable>\n<lable> Se houver testemunha(s), identifique-as:\n\t<p><span class=\"wpcf7-form-control-wrap\" data-name=\"testemunhas\"><textarea cols=\"40\" rows=\"10\" maxlength=\"2000\" class=\"wpcf7-form-control wpcf7-textarea\" aria-invalid=\"false\" name=\"testemunhas\"><\/textarea><\/span>\n\t<\/p>\n<\/lable>\n<lable> Anexar Documento (m\u00e1ximo 25mb, se for v\u00e1rios arquivos compactar em ZIP ou RAR) (opcional)\n\t<p><span class=\"wpcf7-form-control-wrap\" data-name=\"file-501\"><input size=\"40\" class=\"wpcf7-form-control wpcf7-file\" accept=\"audio\/*,video\/*,image\/*,.pdf,.docx,.txt,.doc,.jpg,.jpeg,.rar,.zip\" aria-invalid=\"false\" type=\"file\" name=\"file-501\" \/><\/span>\n\t<\/p>\n\t<p><input class=\"wpcf7-form-control wpcf7-submit has-spinner\" id=\"bottom_enviar_form\" type=\"submit\" value=\"Mandar Menssagem\" \/>\n\t<\/p>\n<\/lable><div class=\"wpcf7-response-output\" aria-hidden=\"true\"><\/div>\n<\/form>\n<\/div>\n[\/vc_column][\/vc_row]<\/p>\n","protected":false},"excerpt":{"rendered":"<p>[vc_row][vc_column][vc_custom_heading text=&#8221;Fa\u00e7a sua Den\u00fancia&#8221; font_container=&#8221;tag:h2|font_size:20|text_align:left&#8221; el_class=&#8221;heading-title-3&#8243;][\/vc_column][\/vc_row]<\/p>\n","protected":false},"author":1,"featured_media":0,"parent":0,"menu_order":0,"comment_status":"closed","ping_status":"closed","template":"","meta":{"footnotes":""},"class_list":["post-75799","page","type-page","status-publish","hentry"],"yoast_head":"<!-- This site is optimized with the Yoast SEO plugin v25.1 - https:\/\/yoast.com\/wordpress\/plugins\/seo\/ -->\n<title>Ouvidoria - Arteleste Constru\u00e7\u00f5es<\/title>\n<meta name=\"robots\" content=\"index, follow, max-snippet:-1, max-image-preview:large, max-video-preview:-1\" \/>\n<link rel=\"canonical\" href=\"http:\/\/arteleste.com.br\/?page_id=75799\" \/>\n<meta property=\"og:locale\" content=\"pt_BR\" \/>\n<meta property=\"og:type\" content=\"article\" \/>\n<meta property=\"og:title\" content=\"Ouvidoria - Arteleste Constru\u00e7\u00f5es\" \/>\n<meta property=\"og:description\" content=\"[vc_row][vc_column][vc_custom_heading text=&#8221;Fa\u00e7a sua Den\u00fancia&#8221; font_container=&#8221;tag:h2|font_size:20|text_align:left&#8221; el_class=&#8221;heading-title-3&#8243;][\/vc_column][\/vc_row]\" \/>\n<meta property=\"og:url\" content=\"http:\/\/arteleste.com.br\/?page_id=75799\" \/>\n<meta property=\"og:site_name\" content=\"Arteleste Constru\u00e7\u00f5es\" \/>\n<meta property=\"article:publisher\" content=\"https:\/\/www.facebook.com\/Arteleste.Brasil\" \/>\n<meta property=\"article:modified_time\" content=\"2025-02-05T14:49:53+00:00\" \/>\n<meta name=\"twitter:card\" content=\"summary_large_image\" \/>\n<script type=\"application\/ld+json\" class=\"yoast-schema-graph\">{\"@context\":\"https:\/\/schema.org\",\"@graph\":[{\"@type\":\"WebPage\",\"@id\":\"http:\/\/arteleste.com.br\/?page_id=75799\",\"url\":\"http:\/\/arteleste.com.br\/?page_id=75799\",\"name\":\"Ouvidoria - Arteleste Constru\u00e7\u00f5es\",\"isPartOf\":{\"@id\":\"http:\/\/arteleste.com.br\/#website\"},\"datePublished\":\"2021-05-12T17:46:58+00:00\",\"dateModified\":\"2025-02-05T14:49:53+00:00\",\"breadcrumb\":{\"@id\":\"http:\/\/arteleste.com.br\/?page_id=75799#breadcrumb\"},\"inLanguage\":\"pt-BR\",\"potentialAction\":[{\"@type\":\"ReadAction\",\"target\":[\"http:\/\/arteleste.com.br\/?page_id=75799\"]}]},{\"@type\":\"BreadcrumbList\",\"@id\":\"http:\/\/arteleste.com.br\/?page_id=75799#breadcrumb\",\"itemListElement\":[{\"@type\":\"ListItem\",\"position\":1,\"name\":\"In\u00edcio\",\"item\":\"http:\/\/arteleste.com.br\/\"},{\"@type\":\"ListItem\",\"position\":2,\"name\":\"Ouvidoria\"}]},{\"@type\":\"WebSite\",\"@id\":\"http:\/\/arteleste.com.br\/#website\",\"url\":\"http:\/\/arteleste.com.br\/\",\"name\":\"Arteleste Constru\u00e7\u00f5es\",\"description\":\"Constru\u00e7\u00f5es pesadas, especializada em obras de arte especiais e infra-estrutura.\",\"potentialAction\":[{\"@type\":\"SearchAction\",\"target\":{\"@type\":\"EntryPoint\",\"urlTemplate\":\"http:\/\/arteleste.com.br\/?s={search_term_string}\"},\"query-input\":{\"@type\":\"PropertyValueSpecification\",\"valueRequired\":true,\"valueName\":\"search_term_string\"}}],\"inLanguage\":\"pt-BR\"}]}<\/script>\n<!-- \/ Yoast SEO plugin. -->","yoast_head_json":{"title":"Ouvidoria - Arteleste Constru\u00e7\u00f5es","robots":{"index":"index","follow":"follow","max-snippet":"max-snippet:-1","max-image-preview":"max-image-preview:large","max-video-preview":"max-video-preview:-1"},"canonical":"http:\/\/arteleste.com.br\/?page_id=75799","og_locale":"pt_BR","og_type":"article","og_title":"Ouvidoria - Arteleste Constru\u00e7\u00f5es","og_description":"[vc_row][vc_column][vc_custom_heading text=&#8221;Fa\u00e7a sua Den\u00fancia&#8221; font_container=&#8221;tag:h2|font_size:20|text_align:left&#8221; el_class=&#8221;heading-title-3&#8243;][\/vc_column][\/vc_row]","og_url":"http:\/\/arteleste.com.br\/?page_id=75799","og_site_name":"Arteleste Constru\u00e7\u00f5es","article_publisher":"https:\/\/www.facebook.com\/Arteleste.Brasil","article_modified_time":"2025-02-05T14:49:53+00:00","twitter_card":"summary_large_image","schema":{"@context":"https:\/\/schema.org","@graph":[{"@type":"WebPage","@id":"http:\/\/arteleste.com.br\/?page_id=75799","url":"http:\/\/arteleste.com.br\/?page_id=75799","name":"Ouvidoria - Arteleste Constru\u00e7\u00f5es","isPartOf":{"@id":"http:\/\/arteleste.com.br\/#website"},"datePublished":"2021-05-12T17:46:58+00:00","dateModified":"2025-02-05T14:49:53+00:00","breadcrumb":{"@id":"http:\/\/arteleste.com.br\/?page_id=75799#breadcrumb"},"inLanguage":"pt-BR","potentialAction":[{"@type":"ReadAction","target":["http:\/\/arteleste.com.br\/?page_id=75799"]}]},{"@type":"BreadcrumbList","@id":"http:\/\/arteleste.com.br\/?page_id=75799#breadcrumb","itemListElement":[{"@type":"ListItem","position":1,"name":"In\u00edcio","item":"http:\/\/arteleste.com.br\/"},{"@type":"ListItem","position":2,"name":"Ouvidoria"}]},{"@type":"WebSite","@id":"http:\/\/arteleste.com.br\/#website","url":"http:\/\/arteleste.com.br\/","name":"Arteleste Constru\u00e7\u00f5es","description":"Constru\u00e7\u00f5es pesadas, especializada em obras de arte especiais e infra-estrutura.","potentialAction":[{"@type":"SearchAction","target":{"@type":"EntryPoint","urlTemplate":"http:\/\/arteleste.com.br\/?s={search_term_string}"},"query-input":{"@type":"PropertyValueSpecification","valueRequired":true,"valueName":"search_term_string"}}],"inLanguage":"pt-BR"}]}},"_links":{"self":[{"href":"http:\/\/arteleste.com.br\/index.php?rest_route=\/wp\/v2\/pages\/75799","targetHints":{"allow":["GET"]}}],"collection":[{"href":"http:\/\/arteleste.com.br\/index.php?rest_route=\/wp\/v2\/pages"}],"about":[{"href":"http:\/\/arteleste.com.br\/index.php?rest_route=\/wp\/v2\/types\/page"}],"author":[{"embeddable":true,"href":"http:\/\/arteleste.com.br\/index.php?rest_route=\/wp\/v2\/users\/1"}],"replies":[{"embeddable":true,"href":"http:\/\/arteleste.com.br\/index.php?rest_route=%2Fwp%2Fv2%2Fcomments&post=75799"}],"version-history":[{"count":10,"href":"http:\/\/arteleste.com.br\/index.php?rest_route=\/wp\/v2\/pages\/75799\/revisions"}],"predecessor-version":[{"id":75919,"href":"http:\/\/arteleste.com.br\/index.php?rest_route=\/wp\/v2\/pages\/75799\/revisions\/75919"}],"wp:attachment":[{"href":"http:\/\/arteleste.com.br\/index.php?rest_route=%2Fwp%2Fv2%2Fmedia&parent=75799"}],"curies":[{"name":"wp","href":"https:\/\/api.w.org\/{rel}","templated":true}]}}