{"id":74448,"date":"2015-06-06T17:38:29","date_gmt":"2015-06-06T17:38:29","guid":{"rendered":"http:\/\/structure.thememove.com\/?page_id=74448"},"modified":"2025-02-05T14:34:51","modified_gmt":"2025-02-05T17:34:51","slug":"trabalheconosco","status":"publish","type":"page","link":"http:\/\/arteleste.com.br\/?page_id=74448","title":{"rendered":"Trabalhe Conosco"},"content":{"rendered":"<p>[vc_row][vc_column][vc_custom_heading text=&#8221;MANDE SEU CURR\u00cdCULO&#8221; font_container=&#8221;tag:h2|font_size:20|text_align:left&#8221; el_class=&#8221;heading-title-3&#8243;]\n<div class=\"wpcf7 no-js\" id=\"wpcf7-f75914-o1\" lang=\"pt-BR\" dir=\"ltr\" data-wpcf7-id=\"75914\">\n<div class=\"screen-reader-response\"><p role=\"status\" aria-live=\"polite\" aria-atomic=\"true\"><\/p> <ul><\/ul><\/div>\n<form action=\"\/index.php?rest_route=%2Fwp%2Fv2%2Fpages%2F74448#wpcf7-f75914-o1\" method=\"post\" class=\"wpcf7-form init\" aria-label=\"Formul\u00e1rios de contato\" enctype=\"multipart\/form-data\" novalidate=\"novalidate\" data-status=\"init\">\n<div style=\"display: none;\">\n<input type=\"hidden\" name=\"_wpcf7\" value=\"75914\" \/>\n<input type=\"hidden\" name=\"_wpcf7_version\" value=\"6.0.6\" \/>\n<input type=\"hidden\" name=\"_wpcf7_locale\" value=\"pt_BR\" \/>\n<input type=\"hidden\" name=\"_wpcf7_unit_tag\" value=\"wpcf7-f75914-o1\" \/>\n<input type=\"hidden\" name=\"_wpcf7_container_post\" value=\"0\" \/>\n<input type=\"hidden\" name=\"_wpcf7_posted_data_hash\" value=\"\" \/>\n<input type=\"hidden\" name=\"_wpcf7_recaptcha_response\" value=\"\" \/>\n<\/div>\n<p><label> Seu nome<br \/>\n<span class=\"wpcf7-form-control-wrap\" data-name=\"your-name\"><input size=\"40\" maxlength=\"400\" class=\"wpcf7-form-control wpcf7-text wpcf7-validates-as-required\" autocomplete=\"name\" aria-required=\"true\" aria-invalid=\"false\" value=\"\" type=\"text\" name=\"your-name\" \/><\/span> <\/label>\n<\/p>\n<p><label> Seu e-mail<br \/>\n<span class=\"wpcf7-form-control-wrap\" data-name=\"your-email\"><input size=\"40\" maxlength=\"400\" class=\"wpcf7-form-control wpcf7-email wpcf7-validates-as-required wpcf7-text wpcf7-validates-as-email\" autocomplete=\"email\" aria-required=\"true\" aria-invalid=\"false\" value=\"\" type=\"email\" name=\"your-email\" \/><\/span> <\/label>\n<\/p>\n<p><label> Seu Telefone<br \/>\n<span class=\"wpcf7-form-control-wrap\" data-name=\"tel-117\"><input size=\"40\" maxlength=\"400\" class=\"wpcf7-form-control wpcf7-tel wpcf7-text wpcf7-validates-as-tel\" autocomplete=\"Telefone\" aria-invalid=\"false\" value=\"\" type=\"tel\" name=\"tel-117\" \/><\/span> <\/label>\n<\/p>\n<p><label> Sua mensagem (opcional)<br \/>\n<span class=\"wpcf7-form-control-wrap\" data-name=\"your-message\"><textarea cols=\"40\" rows=\"10\" maxlength=\"2000\" class=\"wpcf7-form-control wpcf7-textarea\" aria-invalid=\"false\" name=\"your-message\"><\/textarea><\/span> <\/label>\n<\/p>\n<p><label> Arquivo do curr\u00edculo<br \/>\n<span class=\"wpcf7-form-control-wrap\" data-name=\"file-947\"><input size=\"40\" class=\"wpcf7-form-control wpcf7-file\" accept=\"audio\/*,video\/*,image\/*,.pdf,.docx,.txt,.doc,.jpg,.jpeg,.rar,.zip\" aria-invalid=\"false\" type=\"file\" name=\"file-947\" \/><\/span><br \/>\n<input class=\"wpcf7-form-control wpcf7-submit has-spinner\" id=\"bottom_enviar_form\" type=\"submit\" value=\"Enviar\" \/><\/label>\n<\/p><div class=\"wpcf7-response-output\" aria-hidden=\"true\"><\/div>\n<\/form>\n<\/div>\n[\/vc_column][\/vc_row]<\/p>\n","protected":false},"excerpt":{"rendered":"<p>[vc_row][vc_column][vc_custom_heading text=&#8221;MANDE SEU CURR\u00cdCULO&#8221; font_container=&#8221;tag:h2|font_size:20|text_align:left&#8221; el_class=&#8221;heading-title-3&#8243;][\/vc_column][\/vc_row]<\/p>\n","protected":false},"author":1,"featured_media":0,"parent":61,"menu_order":0,"comment_status":"closed","ping_status":"closed","template":"","meta":{"footnotes":""},"class_list":["post-74448","page","type-page","status-publish","hentry"],"yoast_head":"<!-- This site is optimized with the Yoast SEO plugin v25.1 - https:\/\/yoast.com\/wordpress\/plugins\/seo\/ -->\n<title>Trabalhe Conosco - Arteleste Constru\u00e7\u00f5es<\/title>\n<meta name=\"robots\" content=\"index, follow, max-snippet:-1, max-image-preview:large, max-video-preview:-1\" \/>\n<link rel=\"canonical\" href=\"http:\/\/arteleste.com.br\/?page_id=74448\" \/>\n<meta property=\"og:locale\" content=\"pt_BR\" \/>\n<meta property=\"og:type\" content=\"article\" \/>\n<meta property=\"og:title\" content=\"Trabalhe Conosco - Arteleste Constru\u00e7\u00f5es\" \/>\n<meta property=\"og:description\" content=\"[vc_row][vc_column][vc_custom_heading text=&#8221;MANDE SEU CURR\u00cdCULO&#8221; font_container=&#8221;tag:h2|font_size:20|text_align:left&#8221; el_class=&#8221;heading-title-3&#8243;][\/vc_column][\/vc_row]\" \/>\n<meta property=\"og:url\" content=\"http:\/\/arteleste.com.br\/?page_id=74448\" \/>\n<meta property=\"og:site_name\" content=\"Arteleste Constru\u00e7\u00f5es\" \/>\n<meta property=\"article:publisher\" content=\"https:\/\/www.facebook.com\/Arteleste.Brasil\" \/>\n<meta property=\"article:modified_time\" content=\"2025-02-05T17:34:51+00:00\" \/>\n<meta name=\"twitter:card\" content=\"summary_large_image\" \/>\n<script type=\"application\/ld+json\" class=\"yoast-schema-graph\">{\"@context\":\"https:\/\/schema.org\",\"@graph\":[{\"@type\":\"WebPage\",\"@id\":\"http:\/\/arteleste.com.br\/?page_id=74448\",\"url\":\"http:\/\/arteleste.com.br\/?page_id=74448\",\"name\":\"Trabalhe Conosco - Arteleste Constru\u00e7\u00f5es\",\"isPartOf\":{\"@id\":\"http:\/\/arteleste.com.br\/#website\"},\"datePublished\":\"2015-06-06T17:38:29+00:00\",\"dateModified\":\"2025-02-05T17:34:51+00:00\",\"breadcrumb\":{\"@id\":\"http:\/\/arteleste.com.br\/?page_id=74448#breadcrumb\"},\"inLanguage\":\"pt-BR\",\"potentialAction\":[{\"@type\":\"ReadAction\",\"target\":[\"http:\/\/arteleste.com.br\/?page_id=74448\"]}]},{\"@type\":\"BreadcrumbList\",\"@id\":\"http:\/\/arteleste.com.br\/?page_id=74448#breadcrumb\",\"itemListElement\":[{\"@type\":\"ListItem\",\"position\":1,\"name\":\"In\u00edcio\",\"item\":\"http:\/\/arteleste.com.br\/\"},{\"@type\":\"ListItem\",\"position\":2,\"name\":\"A Empresa\",\"item\":\"https:\/\/arteleste.com.br\/?page_id=61\"},{\"@type\":\"ListItem\",\"position\":3,\"name\":\"Trabalhe Conosco\"}]},{\"@type\":\"WebSite\",\"@id\":\"http:\/\/arteleste.com.br\/#website\",\"url\":\"http:\/\/arteleste.com.br\/\",\"name\":\"Arteleste Constru\u00e7\u00f5es\",\"description\":\"Constru\u00e7\u00f5es pesadas, especializada em obras de arte especiais e infra-estrutura.\",\"potentialAction\":[{\"@type\":\"SearchAction\",\"target\":{\"@type\":\"EntryPoint\",\"urlTemplate\":\"http:\/\/arteleste.com.br\/?s={search_term_string}\"},\"query-input\":{\"@type\":\"PropertyValueSpecification\",\"valueRequired\":true,\"valueName\":\"search_term_string\"}}],\"inLanguage\":\"pt-BR\"}]}<\/script>\n<!-- \/ Yoast SEO plugin. -->","yoast_head_json":{"title":"Trabalhe Conosco - Arteleste Constru\u00e7\u00f5es","robots":{"index":"index","follow":"follow","max-snippet":"max-snippet:-1","max-image-preview":"max-image-preview:large","max-video-preview":"max-video-preview:-1"},"canonical":"http:\/\/arteleste.com.br\/?page_id=74448","og_locale":"pt_BR","og_type":"article","og_title":"Trabalhe Conosco - Arteleste Constru\u00e7\u00f5es","og_description":"[vc_row][vc_column][vc_custom_heading text=&#8221;MANDE SEU CURR\u00cdCULO&#8221; font_container=&#8221;tag:h2|font_size:20|text_align:left&#8221; el_class=&#8221;heading-title-3&#8243;][\/vc_column][\/vc_row]","og_url":"http:\/\/arteleste.com.br\/?page_id=74448","og_site_name":"Arteleste Constru\u00e7\u00f5es","article_publisher":"https:\/\/www.facebook.com\/Arteleste.Brasil","article_modified_time":"2025-02-05T17:34:51+00:00","twitter_card":"summary_large_image","schema":{"@context":"https:\/\/schema.org","@graph":[{"@type":"WebPage","@id":"http:\/\/arteleste.com.br\/?page_id=74448","url":"http:\/\/arteleste.com.br\/?page_id=74448","name":"Trabalhe Conosco - Arteleste Constru\u00e7\u00f5es","isPartOf":{"@id":"http:\/\/arteleste.com.br\/#website"},"datePublished":"2015-06-06T17:38:29+00:00","dateModified":"2025-02-05T17:34:51+00:00","breadcrumb":{"@id":"http:\/\/arteleste.com.br\/?page_id=74448#breadcrumb"},"inLanguage":"pt-BR","potentialAction":[{"@type":"ReadAction","target":["http:\/\/arteleste.com.br\/?page_id=74448"]}]},{"@type":"BreadcrumbList","@id":"http:\/\/arteleste.com.br\/?page_id=74448#breadcrumb","itemListElement":[{"@type":"ListItem","position":1,"name":"In\u00edcio","item":"http:\/\/arteleste.com.br\/"},{"@type":"ListItem","position":2,"name":"A Empresa","item":"https:\/\/arteleste.com.br\/?page_id=61"},{"@type":"ListItem","position":3,"name":"Trabalhe Conosco"}]},{"@type":"WebSite","@id":"http:\/\/arteleste.com.br\/#website","url":"http:\/\/arteleste.com.br\/","name":"Arteleste Constru\u00e7\u00f5es","description":"Constru\u00e7\u00f5es pesadas, especializada em obras de arte especiais e infra-estrutura.","potentialAction":[{"@type":"SearchAction","target":{"@type":"EntryPoint","urlTemplate":"http:\/\/arteleste.com.br\/?s={search_term_string}"},"query-input":{"@type":"PropertyValueSpecification","valueRequired":true,"valueName":"search_term_string"}}],"inLanguage":"pt-BR"}]}},"_links":{"self":[{"href":"http:\/\/arteleste.com.br\/index.php?rest_route=\/wp\/v2\/pages\/74448","targetHints":{"allow":["GET"]}}],"collection":[{"href":"http:\/\/arteleste.com.br\/index.php?rest_route=\/wp\/v2\/pages"}],"about":[{"href":"http:\/\/arteleste.com.br\/index.php?rest_route=\/wp\/v2\/types\/page"}],"author":[{"embeddable":true,"href":"http:\/\/arteleste.com.br\/index.php?rest_route=\/wp\/v2\/users\/1"}],"replies":[{"embeddable":true,"href":"http:\/\/arteleste.com.br\/index.php?rest_route=%2Fwp%2Fv2%2Fcomments&post=74448"}],"version-history":[{"count":10,"href":"http:\/\/arteleste.com.br\/index.php?rest_route=\/wp\/v2\/pages\/74448\/revisions"}],"predecessor-version":[{"id":75920,"href":"http:\/\/arteleste.com.br\/index.php?rest_route=\/wp\/v2\/pages\/74448\/revisions\/75920"}],"up":[{"embeddable":true,"href":"http:\/\/arteleste.com.br\/index.php?rest_route=\/wp\/v2\/pages\/61"}],"wp:attachment":[{"href":"http:\/\/arteleste.com.br\/index.php?rest_route=%2Fwp%2Fv2%2Fmedia&parent=74448"}],"curies":[{"name":"wp","href":"https:\/\/api.w.org\/{rel}","templated":true}]}}