{"id":73910,"date":"2015-05-25T16:56:55","date_gmt":"2015-05-25T16:56:55","guid":{"rendered":"http:\/\/structure.thememove.com\/?page_id=73910"},"modified":"2025-07-18T11:21:46","modified_gmt":"2025-07-18T14:21:46","slug":"certificacoes","status":"publish","type":"page","link":"http:\/\/arteleste.com.br\/?page_id=73910","title":{"rendered":"Certifica\u00e7\u00f5es"},"content":{"rendered":"<p>[vc_row css=&#8221;.vc_custom_1433564506232{margin-top: 20px !important;margin-bottom: 70px !important;}&#8221;][vc_column width=&#8221;1\/4&#8243;][vc_column_text][vc_widget_sidebar sidebar_id=&#8221;sidebar&#8221;][\/vc_column_text][\/vc_column][vc_column width=&#8221;3\/4&#8243;][vc_row_inner css=&#8221;.vc_custom_1433562831360{margin-bottom: 50px !important;}&#8221;][vc_column_inner][\/vc_column_inner][\/vc_row_inner][vc_custom_heading text=&#8221;CERTIFICA\u00c7\u00d5ES&#8221; font_container=&#8221;tag:h2|text_align:left|color:%23111111&#8243; el_class=&#8221;heading-title-3&#8243;][vc_column_text]Somos certificados no PBQP-H, programa brasileiro de qualidade e produtividade no habitat, e na ISO-9001.[\/vc_column_text][vc_row_inner el_class=&#8221;align-center certifications-block&#8221; css=&#8221;.vc_custom_1432890868819{padding-top: 30px !important;padding-bottom: 30px !important;}&#8221;][vc_column_inner width=&#8221;1\/2&#8243;][vc_column_text]<br \/>\n<img loading=\"lazy\" decoding=\"async\" src=\"http:\/\/arteleste.com.br\/wp-content\/uploads\/2025\/07\/Certificado-PBQP-H_page-0001-300x212.jpg\" alt=\"\" width=\"100\" height=\"100\" class=\"alignnone size-full wp-image-75958\" \/><br \/>\n[\/vc_column_text][vc_btn title=&#8221;CERTIFICADO&#8221; color=&#8221;black&#8221; align=&#8221;center&#8221; button_block=&#8221;true&#8221; link=&#8221;url:http%3A%2F%2Farteleste.com.br%2Fwp-content%2Fuploads%2F2025%2F05%2FCERTIFICADO-SIAC.pdf|target:_blank|rel:nofollow&#8221;][\/vc_column_inner][vc_column_inner width=&#8221;1\/2&#8243;][vc_column_text]<br \/>\n<img loading=\"lazy\" decoding=\"async\" class=\"alignnone size-full wp-image-75875\" src=\"https:\/\/arteleste.com.br\/wp-content\/uploads\/2025\/07\/certificacao-iso-9001--300x212.jpg\" alt=\"\" width=\"100\" height=\"100\" \/><br \/>\n[\/vc_column_text][vc_btn title=&#8221;CERTIFICADO&#8221; color=&#8221;black&#8221; align=&#8221;center&#8221; button_block=&#8221;true&#8221; link=&#8221;url:https%3A%2F%2Farteleste.com.br%2Fwp-content%2Fuploads%2F2025%2F05%2FCERTIFICADO-9001.pdf||target:%20_blank|&#8221;][\/vc_column_inner][\/vc_row_inner][\/vc_column][\/vc_row]<\/p>\n","protected":false},"excerpt":{"rendered":"<p>[vc_row css=&#8221;.vc_custom_1433564506232{margin-top: 20px !important;margin-bottom: 70px !important;}&#8221;][vc_column width=&#8221;1\/4&#8243;][vc_column_text][vc_widget_sidebar sidebar_id=&#8221;sidebar&#8221;][\/vc_column_text][\/vc_column][vc_column width=&#8221;3\/4&#8243;][vc_row_inner css=&#8221;.vc_custom_1433562831360{margin-bottom: 50px !important;}&#8221;][vc_column_inner][\/vc_column_inner][\/vc_row_inner][vc_custom_heading text=&#8221;CERTIFICA\u00c7\u00d5ES&#8221; font_container=&#8221;tag:h2|text_align:left|color:%23111111&#8243; el_class=&#8221;heading-title-3&#8243;][vc_column_text]Somos certificados no PBQP-H, programa brasileiro de qualidade e produtividade no habitat, e na ISO-9001.[\/vc_column_text][vc_row_inner el_class=&#8221;align-center certifications-block&#8221; css=&#8221;.vc_custom_1432890868819{padding-top: 30px !important;padding-bottom: 30px !important;}&#8221;][vc_column_inner width=&#8221;1\/2&#8243;][vc_column_text] [\/vc_column_text][vc_btn title=&#8221;CERTIFICADO&#8221; color=&#8221;black&#8221; align=&#8221;center&#8221; button_block=&#8221;true&#8221; link=&#8221;url:http%3A%2F%2Farteleste.com.br%2Fwp-content%2Fuploads%2F2025%2F05%2FCERTIFICADO-SIAC.pdf|target:_blank|rel:nofollow&#8221;][\/vc_column_inner][vc_column_inner width=&#8221;1\/2&#8243;][vc_column_text] [\/vc_column_text][vc_btn title=&#8221;CERTIFICADO&#8221; color=&#8221;black&#8221; align=&#8221;center&#8221; button_block=&#8221;true&#8221; link=&#8221;url:https%3A%2F%2Farteleste.com.br%2Fwp-content%2Fuploads%2F2025%2F05%2FCERTIFICADO-9001.pdf||target:%20_blank|&#8221;][\/vc_column_inner][\/vc_row_inner][\/vc_column][\/vc_row]<\/p>\n","protected":false},"author":1,"featured_media":0,"parent":61,"menu_order":0,"comment_status":"closed","ping_status":"closed","template":"","meta":{"footnotes":""},"class_list":["post-73910","page","type-page","status-publish","hentry"],"yoast_head":"<!-- This site is optimized with the Yoast SEO plugin v25.1 - https:\/\/yoast.com\/wordpress\/plugins\/seo\/ -->\n<title>Certifica\u00e7\u00f5es - Arteleste Constru\u00e7\u00f5es<\/title>\n<meta name=\"robots\" content=\"index, follow, max-snippet:-1, max-image-preview:large, max-video-preview:-1\" \/>\n<link rel=\"canonical\" href=\"http:\/\/arteleste.com.br\/?page_id=73910\" \/>\n<meta property=\"og:locale\" content=\"pt_BR\" \/>\n<meta property=\"og:type\" content=\"article\" \/>\n<meta property=\"og:title\" content=\"Certifica\u00e7\u00f5es - Arteleste Constru\u00e7\u00f5es\" \/>\n<meta property=\"og:description\" content=\"[vc_row css=&#8221;.vc_custom_1433564506232{margin-top: 20px !important;margin-bottom: 70px !important;}&#8221;][vc_column width=&#8221;1\/4&#8243;][vc_column_text][vc_widget_sidebar sidebar_id=&#8221;sidebar&#8221;][\/vc_column_text][\/vc_column][vc_column width=&#8221;3\/4&#8243;][vc_row_inner css=&#8221;.vc_custom_1433562831360{margin-bottom: 50px !important;}&#8221;][vc_column_inner][\/vc_column_inner][\/vc_row_inner][vc_custom_heading text=&#8221;CERTIFICA\u00c7\u00d5ES&#8221; font_container=&#8221;tag:h2|text_align:left|color:%23111111&#8243; el_class=&#8221;heading-title-3&#8243;][vc_column_text]Somos certificados no PBQP-H, programa brasileiro de qualidade e produtividade no habitat, e na ISO-9001.[\/vc_column_text][vc_row_inner el_class=&#8221;align-center certifications-block&#8221; css=&#8221;.vc_custom_1432890868819{padding-top: 30px !important;padding-bottom: 30px !important;}&#8221;][vc_column_inner width=&#8221;1\/2&#8243;][vc_column_text] [\/vc_column_text][vc_btn title=&#8221;CERTIFICADO&#8221; color=&#8221;black&#8221; align=&#8221;center&#8221; button_block=&#8221;true&#8221; link=&#8221;url:http%3A%2F%2Farteleste.com.br%2Fwp-content%2Fuploads%2F2025%2F05%2FCERTIFICADO-SIAC.pdf|target:_blank|rel:nofollow&#8221;][\/vc_column_inner][vc_column_inner width=&#8221;1\/2&#8243;][vc_column_text] [\/vc_column_text][vc_btn title=&#8221;CERTIFICADO&#8221; color=&#8221;black&#8221; align=&#8221;center&#8221; button_block=&#8221;true&#8221; link=&#8221;url:https%3A%2F%2Farteleste.com.br%2Fwp-content%2Fuploads%2F2025%2F05%2FCERTIFICADO-9001.pdf||target:%20_blank|&#8221;][\/vc_column_inner][\/vc_row_inner][\/vc_column][\/vc_row]\" \/>\n<meta property=\"og:url\" content=\"http:\/\/arteleste.com.br\/?page_id=73910\" \/>\n<meta property=\"og:site_name\" content=\"Arteleste Constru\u00e7\u00f5es\" \/>\n<meta property=\"article:publisher\" content=\"https:\/\/www.facebook.com\/Arteleste.Brasil\" \/>\n<meta property=\"article:modified_time\" content=\"2025-07-18T14:21:46+00:00\" \/>\n<meta property=\"og:image\" content=\"http:\/\/arteleste.com.br\/wp-content\/uploads\/2025\/07\/Certificado-PBQP-H_page-0001-300x212.jpg\" \/>\n<meta name=\"twitter:card\" content=\"summary_large_image\" \/>\n<meta name=\"twitter:label1\" content=\"Est. tempo de leitura\" \/>\n\t<meta name=\"twitter:data1\" content=\"1 minuto\" \/>\n<script type=\"application\/ld+json\" class=\"yoast-schema-graph\">{\"@context\":\"https:\/\/schema.org\",\"@graph\":[{\"@type\":\"WebPage\",\"@id\":\"http:\/\/arteleste.com.br\/?page_id=73910\",\"url\":\"http:\/\/arteleste.com.br\/?page_id=73910\",\"name\":\"Certifica\u00e7\u00f5es - Arteleste Constru\u00e7\u00f5es\",\"isPartOf\":{\"@id\":\"http:\/\/arteleste.com.br\/#website\"},\"primaryImageOfPage\":{\"@id\":\"http:\/\/arteleste.com.br\/?page_id=73910#primaryimage\"},\"image\":{\"@id\":\"http:\/\/arteleste.com.br\/?page_id=73910#primaryimage\"},\"thumbnailUrl\":\"http:\/\/arteleste.com.br\/wp-content\/uploads\/2025\/07\/Certificado-PBQP-H_page-0001-300x212.jpg\",\"datePublished\":\"2015-05-25T16:56:55+00:00\",\"dateModified\":\"2025-07-18T14:21:46+00:00\",\"breadcrumb\":{\"@id\":\"http:\/\/arteleste.com.br\/?page_id=73910#breadcrumb\"},\"inLanguage\":\"pt-BR\",\"potentialAction\":[{\"@type\":\"ReadAction\",\"target\":[\"http:\/\/arteleste.com.br\/?page_id=73910\"]}]},{\"@type\":\"ImageObject\",\"inLanguage\":\"pt-BR\",\"@id\":\"http:\/\/arteleste.com.br\/?page_id=73910#primaryimage\",\"url\":\"http:\/\/arteleste.com.br\/wp-content\/uploads\/2025\/07\/Certificado-PBQP-H_page-0001.jpg\",\"contentUrl\":\"http:\/\/arteleste.com.br\/wp-content\/uploads\/2025\/07\/Certificado-PBQP-H_page-0001.jpg\",\"width\":980,\"height\":692},{\"@type\":\"BreadcrumbList\",\"@id\":\"http:\/\/arteleste.com.br\/?page_id=73910#breadcrumb\",\"itemListElement\":[{\"@type\":\"ListItem\",\"position\":1,\"name\":\"In\u00edcio\",\"item\":\"http:\/\/arteleste.com.br\/\"},{\"@type\":\"ListItem\",\"position\":2,\"name\":\"A Empresa\",\"item\":\"https:\/\/arteleste.com.br\/?page_id=61\"},{\"@type\":\"ListItem\",\"position\":3,\"name\":\"Certifica\u00e7\u00f5es\"}]},{\"@type\":\"WebSite\",\"@id\":\"http:\/\/arteleste.com.br\/#website\",\"url\":\"http:\/\/arteleste.com.br\/\",\"name\":\"Arteleste Constru\u00e7\u00f5es\",\"description\":\"Constru\u00e7\u00f5es pesadas, especializada em obras de arte especiais e infra-estrutura.\",\"potentialAction\":[{\"@type\":\"SearchAction\",\"target\":{\"@type\":\"EntryPoint\",\"urlTemplate\":\"http:\/\/arteleste.com.br\/?s={search_term_string}\"},\"query-input\":{\"@type\":\"PropertyValueSpecification\",\"valueRequired\":true,\"valueName\":\"search_term_string\"}}],\"inLanguage\":\"pt-BR\"}]}<\/script>\n<!-- \/ Yoast SEO plugin. -->","yoast_head_json":{"title":"Certifica\u00e7\u00f5es - Arteleste Constru\u00e7\u00f5es","robots":{"index":"index","follow":"follow","max-snippet":"max-snippet:-1","max-image-preview":"max-image-preview:large","max-video-preview":"max-video-preview:-1"},"canonical":"http:\/\/arteleste.com.br\/?page_id=73910","og_locale":"pt_BR","og_type":"article","og_title":"Certifica\u00e7\u00f5es - Arteleste Constru\u00e7\u00f5es","og_description":"[vc_row css=&#8221;.vc_custom_1433564506232{margin-top: 20px !important;margin-bottom: 70px !important;}&#8221;][vc_column width=&#8221;1\/4&#8243;][vc_column_text][vc_widget_sidebar sidebar_id=&#8221;sidebar&#8221;][\/vc_column_text][\/vc_column][vc_column width=&#8221;3\/4&#8243;][vc_row_inner css=&#8221;.vc_custom_1433562831360{margin-bottom: 50px !important;}&#8221;][vc_column_inner][\/vc_column_inner][\/vc_row_inner][vc_custom_heading text=&#8221;CERTIFICA\u00c7\u00d5ES&#8221; font_container=&#8221;tag:h2|text_align:left|color:%23111111&#8243; el_class=&#8221;heading-title-3&#8243;][vc_column_text]Somos certificados no PBQP-H, programa brasileiro de qualidade e produtividade no habitat, e na ISO-9001.[\/vc_column_text][vc_row_inner el_class=&#8221;align-center certifications-block&#8221; css=&#8221;.vc_custom_1432890868819{padding-top: 30px !important;padding-bottom: 30px !important;}&#8221;][vc_column_inner width=&#8221;1\/2&#8243;][vc_column_text] [\/vc_column_text][vc_btn title=&#8221;CERTIFICADO&#8221; color=&#8221;black&#8221; align=&#8221;center&#8221; button_block=&#8221;true&#8221; link=&#8221;url:http%3A%2F%2Farteleste.com.br%2Fwp-content%2Fuploads%2F2025%2F05%2FCERTIFICADO-SIAC.pdf|target:_blank|rel:nofollow&#8221;][\/vc_column_inner][vc_column_inner width=&#8221;1\/2&#8243;][vc_column_text] [\/vc_column_text][vc_btn title=&#8221;CERTIFICADO&#8221; color=&#8221;black&#8221; align=&#8221;center&#8221; button_block=&#8221;true&#8221; link=&#8221;url:https%3A%2F%2Farteleste.com.br%2Fwp-content%2Fuploads%2F2025%2F05%2FCERTIFICADO-9001.pdf||target:%20_blank|&#8221;][\/vc_column_inner][\/vc_row_inner][\/vc_column][\/vc_row]","og_url":"http:\/\/arteleste.com.br\/?page_id=73910","og_site_name":"Arteleste Constru\u00e7\u00f5es","article_publisher":"https:\/\/www.facebook.com\/Arteleste.Brasil","article_modified_time":"2025-07-18T14:21:46+00:00","og_image":[{"url":"http:\/\/arteleste.com.br\/wp-content\/uploads\/2025\/07\/Certificado-PBQP-H_page-0001-300x212.jpg","type":"","width":"","height":""}],"twitter_card":"summary_large_image","twitter_misc":{"Est. tempo de leitura":"1 minuto"},"schema":{"@context":"https:\/\/schema.org","@graph":[{"@type":"WebPage","@id":"http:\/\/arteleste.com.br\/?page_id=73910","url":"http:\/\/arteleste.com.br\/?page_id=73910","name":"Certifica\u00e7\u00f5es - Arteleste Constru\u00e7\u00f5es","isPartOf":{"@id":"http:\/\/arteleste.com.br\/#website"},"primaryImageOfPage":{"@id":"http:\/\/arteleste.com.br\/?page_id=73910#primaryimage"},"image":{"@id":"http:\/\/arteleste.com.br\/?page_id=73910#primaryimage"},"thumbnailUrl":"http:\/\/arteleste.com.br\/wp-content\/uploads\/2025\/07\/Certificado-PBQP-H_page-0001-300x212.jpg","datePublished":"2015-05-25T16:56:55+00:00","dateModified":"2025-07-18T14:21:46+00:00","breadcrumb":{"@id":"http:\/\/arteleste.com.br\/?page_id=73910#breadcrumb"},"inLanguage":"pt-BR","potentialAction":[{"@type":"ReadAction","target":["http:\/\/arteleste.com.br\/?page_id=73910"]}]},{"@type":"ImageObject","inLanguage":"pt-BR","@id":"http:\/\/arteleste.com.br\/?page_id=73910#primaryimage","url":"http:\/\/arteleste.com.br\/wp-content\/uploads\/2025\/07\/Certificado-PBQP-H_page-0001.jpg","contentUrl":"http:\/\/arteleste.com.br\/wp-content\/uploads\/2025\/07\/Certificado-PBQP-H_page-0001.jpg","width":980,"height":692},{"@type":"BreadcrumbList","@id":"http:\/\/arteleste.com.br\/?page_id=73910#breadcrumb","itemListElement":[{"@type":"ListItem","position":1,"name":"In\u00edcio","item":"http:\/\/arteleste.com.br\/"},{"@type":"ListItem","position":2,"name":"A Empresa","item":"https:\/\/arteleste.com.br\/?page_id=61"},{"@type":"ListItem","position":3,"name":"Certifica\u00e7\u00f5es"}]},{"@type":"WebSite","@id":"http:\/\/arteleste.com.br\/#website","url":"http:\/\/arteleste.com.br\/","name":"Arteleste Constru\u00e7\u00f5es","description":"Constru\u00e7\u00f5es pesadas, especializada em obras de arte especiais e infra-estrutura.","potentialAction":[{"@type":"SearchAction","target":{"@type":"EntryPoint","urlTemplate":"http:\/\/arteleste.com.br\/?s={search_term_string}"},"query-input":{"@type":"PropertyValueSpecification","valueRequired":true,"valueName":"search_term_string"}}],"inLanguage":"pt-BR"}]}},"_links":{"self":[{"href":"http:\/\/arteleste.com.br\/index.php?rest_route=\/wp\/v2\/pages\/73910","targetHints":{"allow":["GET"]}}],"collection":[{"href":"http:\/\/arteleste.com.br\/index.php?rest_route=\/wp\/v2\/pages"}],"about":[{"href":"http:\/\/arteleste.com.br\/index.php?rest_route=\/wp\/v2\/types\/page"}],"author":[{"embeddable":true,"href":"http:\/\/arteleste.com.br\/index.php?rest_route=\/wp\/v2\/users\/1"}],"replies":[{"embeddable":true,"href":"http:\/\/arteleste.com.br\/index.php?rest_route=%2Fwp%2Fv2%2Fcomments&post=73910"}],"version-history":[{"count":58,"href":"http:\/\/arteleste.com.br\/index.php?rest_route=\/wp\/v2\/pages\/73910\/revisions"}],"predecessor-version":[{"id":75965,"href":"http:\/\/arteleste.com.br\/index.php?rest_route=\/wp\/v2\/pages\/73910\/revisions\/75965"}],"up":[{"embeddable":true,"href":"http:\/\/arteleste.com.br\/index.php?rest_route=\/wp\/v2\/pages\/61"}],"wp:attachment":[{"href":"http:\/\/arteleste.com.br\/index.php?rest_route=%2Fwp%2Fv2%2Fmedia&parent=73910"}],"curies":[{"name":"wp","href":"https:\/\/api.w.org\/{rel}","templated":true}]}}